{"id":16886,"date":"2022-03-04T11:29:48","date_gmt":"2022-03-04T10:29:48","guid":{"rendered":"https:\/\/disfrutabizkaia.somoswoko.com\/?page_id=16886"},"modified":"2022-04-12T15:42:47","modified_gmt":"2022-04-12T13:42:47","slug":"politique-des-cookies","status":"publish","type":"page","link":"https:\/\/www.disfrutabizkaia.com\/fr\/politique-des-cookies\/","title":{"rendered":"Politique des cookies"},"content":{"rendered":"\n<p>Un cookie est un fichier qui est t\u00e9l\u00e9charg\u00e9 sur votre ordinateur lorsque vous consultez certains sites web. Les cookies permettent notamment \u00e0 un site web de stocker et de r\u00e9cup\u00e9rer des informations concernant les habitudes de navigation d\u2019un utilisateur ou de son \u00e9quipement puis, en fonction des informations qu\u2019il contient et la mani\u00e8re dont vous utilisez votre \u00e9quipement, ils peuvent \u00eatre utilis\u00e9s pour reconna\u00eetre l\u2019utilisateur.<\/p>\n\n\n\n<p>Les cookies sont essentiels au fonctionnement d\u2019internet. Non seulement ils apportent de nombreux avantages dans la prestation de services interactifs, mais ils facilitent la navigation et la convivialit\u00e9 de notre site web.<\/p>\n\n\n\n<p>L\u2019information que nous vous proposons ci-apr\u00e8s vous aidera \u00e0 comprendre les diff\u00e9rents types de cookies.<\/p>\n\n\n\n<h2 class=\"wp-block-heading\">Types de cookies<\/h2>\n\n\n\n<h3 class=\"wp-block-heading\">En fonction de l\u2019entit\u00e9 qui les g\u00e8re<\/h3>\n\n\n\n<ul class=\"wp-block-list\"><li><strong>Cookies internes<\/strong>: Ils sont collect\u00e9s par l\u2019\u00e9diteur lui-m\u00eame pour fournir le service demand\u00e9 par l\u2019utilisateur.<\/li><li><strong>Cookies de tiers<\/strong>: Ils sont collect\u00e9s et g\u00e9r\u00e9s par un tiers, ces cookies ne peuvent pas \u00eatre consid\u00e9r\u00e9s comme internes.<\/li><\/ul>\n\n\n\n<h3 class=\"wp-block-heading\">En fonction de la dur\u00e9e o\u00f9 ils restent activ\u00e9s<\/h3>\n\n\n\n<ul class=\"wp-block-list\"><li><strong>Cookies de session<\/strong>: Ils collectent des donn\u00e9es pendant que l\u2019utilisateur navigue en ligne dans le but de fournir le service demand\u00e9.<\/li><li><strong>Cookies permanents<\/strong>: Ils sont stock\u00e9s sur le terminal et les informations obtenues seront utilis\u00e9es par le responsable du cookie dans le but de fournir le service demand\u00e9.<\/li><\/ul>\n\n\n\n<h3 class=\"wp-block-heading\">En fonction de leur finalit\u00e9<\/h3>\n\n\n\n<ul class=\"wp-block-list\"><li><strong>Cookies techniques<\/strong>: Ils sont n\u00e9cessaires \u00e0 la bonne navigation sur le site.<\/li><li><strong>Cookies de personnalisation<\/strong>: Ils se souviennent des pr\u00e9f\u00e9rences (langue) de l\u2019utilisateur pour la navigation sur le site.<\/li><li><strong>Cookies d\u2019analyse<\/strong>: Ils permettent au prestataire d\u2019analyser la navigation r\u00e9alis\u00e9e par l\u2019utilisateur, dans le but d\u2019assurer un suivi de l\u2019utilisation du site, et d\u2019effectuer des statistiques des contenus les plus visit\u00e9s, de compter le nombre de visiteurs, etc.<\/li><li><strong>Cookies publicitaires<\/strong>: Ils permettent \u00e0 l\u2019\u00e9diteur d\u2019inclure sur le site des espaces publicitaires, en fonction du contenu du site internet.<\/li><li><strong>Cookies de publicit\u00e9 comportementale<\/strong>: Ils permettent \u00e0 l\u2019\u00e9diteur d\u2019inclure sur le site des espaces publicitaires, en fonction des informations obtenues \u00e0 travers les habitudes de navigation de l\u2019utilisateur.<\/li><\/ul>\n\n\n\n<p>Conform\u00e9ment aux dispositions de l\u2019article 22.2 de la Loi 34\/2002, du 11 juillet, sur les services de la soci\u00e9t\u00e9 de l\u2019information et du commerce \u00e9lectronique (LSSI-CE), Disfruta Bizkaia informe des cookies utilis\u00e9s sur notre site internet :<\/p>\n\n\n\n<ul class=\"wp-block-list\"><li><strong>Cookies techniques<\/strong>: cookies internes, cookies permanents.<\/li><li><strong>Cookies de personnalisation<\/strong>: cookies internes, cookies permanents.<\/li><li><strong>Cookies d\u2019analyse<\/strong>: cookies de tiers, cookies de session, cookies permanents.<\/li><\/ul>\n\n\n\n<p>Vous pouvez d\u00e9sactiver l\u2019utilisation des cookies quand vous le jugez n\u00e9cessaire \u00e0 travers les options de configuration\/param\u00e9trage de votre navigateur, de sorte que vous pouvez bloquer, restreindre, d\u00e9sactiver ou supprimer l\u2019acceptation des cookies. N\u00e9anmoins, nous vous rappelons que si vous d\u00e9cidez de modifier la configuration des cookies, le service fourni \u00e0 travers le site internet pourrait \u00eatre affect\u00e9 en partie ou en totalit\u00e9.<\/p>\n\n\n\n<p>Nous vous informons que vous avez la possibilit\u00e9 de configurer votre navigateur afin d\u2019\u00eatre pr\u00e9venu de la r\u00e9ception de cookies, et pouvez, si vous le souhaitez, emp\u00eacher leur installation sur votre disque dur.<\/p>\n\n\n\n<p>Ci-dessous, nous vous fournissons les liens de diff\u00e9rents navigateurs, \u00e0 travers lesquels vous pouvez effectuer ladite configuration :<\/p>\n\n\n\n<ul class=\"wp-block-list\"><li><a href=\"http:\/\/support.mozilla.org\/es\/kb\/habilitar-y-deshabilitar-cookies-que-los-sitios-we\">Firefox<\/a><\/li><li><a href=\"http:\/\/support.google.com\/chrome\/bin\/answer.py?hl=es&amp;answer=95647\">Chrome<\/a><\/li><li><a href=\"http:\/\/windows.microsoft.com\/es-es\/internet-explorer\/delete-manage-cookies#ie=ie-10\">Explorer<\/a><\/li><li><a href=\"https:\/\/support.apple.com\/kb\/ph17191?locale=es_ES\">Safari<\/a><\/li><li><a href=\"http:\/\/help.opera.com\/Windows\/11.50\/es-ES\/cookies.html\">Opera<\/a><\/li><\/ul>\n\n\n\n<h2 class=\"wp-block-heading\">Nous utilisons des cookies de Google Analytics<\/h2>\n\n\n\n<p>Nous mesurons de mani\u00e8re anonyme l\u2019audience du site web afin d\u2019am\u00e9liorer votre exp\u00e9rience utilisateur \u00e0 l\u2019aide de l\u2019outil Google Analytics.<\/p>\n\n\n\n<p>Google Analytics: Les cookies sont stock\u00e9s pour pouvoir \u00e9laborer des statistiques sur le trafic et le volume de visites de ce site internet. En utilisant ce site, vous consentez au traitement de l\u2019information vous concernant par Google. En cons\u00e9quence, pour exercer tout droit dans ce sens, vous devrez prendre contact directement avec Google.<\/p>\n\n\n\n<p>Dans le cas des cookies de Google Analytics, cette entreprise stocke les cookies sur des serveurs situ\u00e9s aux \u00c9tats-Unis et s\u2019engage \u00e0 ne pas les partager avec des tiers, sauf si cela est n\u00e9cessaire pour le fonctionnement du syst\u00e8me ou si la loi oblige \u00e0 le faire. Google n\u2019enregistre pas votre adresse IP.<\/p>\n\n\n\n<p>Google Inc. est une soci\u00e9t\u00e9 qui respecte le \u00ab Privacy Shield \u00bb (bouclier de confidentialit\u00e9), lequel garantit que toutes les donn\u00e9es transmises seront trait\u00e9es avec un niveau de protection conforme \u00e0 la r\u00e9glementation europ\u00e9enne.<\/p>\n\n\n\n<p>Vous pouvez consulter l\u2019information d\u00e9taill\u00e9e \u00e0 ce sujet en cliquant sur le <a href=\"https:\/\/support.google.com\/analytics\/answer\/6004245\">lien suivant<\/a>.<\/p>\n\n\n\n<p>Si vous le souhaitez, vous pouvez utiliser le Compl\u00e9ment d\u2019inactivation pour les navigateurs de Google Analytics en refusant \u00e0 travers ses consignes les cookies analytiques de ce service sur tous les navigateurs.<\/p>\n\n\n\n<p>Vous pouvez consulter plus d\u2019informations \u00e0 ce sujet en cliquant sur le <a href=\"https:\/\/tools.google.com\/dlpage\/gaoptout\">lien suivant<\/a>.<\/p>\n\n\n\n\n","protected":false},"excerpt":{"rendered":"<p>Un cookie est un fichier qui est t\u00e9l\u00e9charg\u00e9 sur votre ordinateur lorsque vous consultez certains sites web. Les cookies permettent notamment \u00e0 un site web de stocker et de r\u00e9cup\u00e9rer des informations concernant les habitudes de navigation d\u2019un utilisateur ou de son \u00e9quipement puis, en fonction des informations qu\u2019il contient et la mani\u00e8re dont vous [&hellip;]<\/p>\n","protected":false},"author":1,"featured_media":0,"parent":0,"menu_order":1000,"comment_status":"closed","ping_status":"closed","template":"page-texto.php","meta":{"_acf_changed":false,"inline_featured_image":false,"footnotes":""},"class_list":["post-16886","page","type-page","status-publish","hentry"],"acf":[],"yoast_head":"<!-- This site is optimized with the Yoast SEO plugin v27.3 - https:\/\/yoast.com\/product\/yoast-seo-wordpress\/ -->\n<title>Politique des cookies | Disfruta Bizkaia<\/title>\n<meta name=\"robots\" content=\"noindex, follow\" \/>\n<meta property=\"og:locale\" content=\"fr_FR\" \/>\n<meta property=\"og:type\" content=\"article\" \/>\n<meta property=\"og:title\" content=\"Politique des cookies | Disfruta Bizkaia\" \/>\n<meta property=\"og:description\" content=\"Un cookie est un fichier qui est t\u00e9l\u00e9charg\u00e9 sur votre ordinateur lorsque vous consultez certains sites web. Les cookies permettent notamment \u00e0 un site web de stocker et de r\u00e9cup\u00e9rer des informations concernant les habitudes de navigation d\u2019un utilisateur ou de son \u00e9quipement puis, en fonction des informations qu\u2019il contient et la mani\u00e8re dont vous [&hellip;]\" \/>\n<meta property=\"og:url\" content=\"https:\/\/www.disfrutabizkaia.com\/fr\/politique-des-cookies\/\" \/>\n<meta property=\"og:site_name\" content=\"Disfruta Bizkaia\" \/>\n<meta property=\"article:modified_time\" content=\"2022-04-12T13:42:47+00:00\" \/>\n<meta name=\"twitter:card\" content=\"summary_large_image\" \/>\n<meta name=\"twitter:label1\" content=\"Dur\u00e9e de lecture estim\u00e9e\" \/>\n\t<meta name=\"twitter:data1\" content=\"4 minutes\" \/>\n<script type=\"application\/ld+json\" class=\"yoast-schema-graph\">{\"@context\":\"https:\\\/\\\/schema.org\",\"@graph\":[{\"@type\":\"WebPage\",\"@id\":\"https:\\\/\\\/www.disfrutabizkaia.com\\\/fr\\\/politique-des-cookies\\\/\",\"url\":\"https:\\\/\\\/www.disfrutabizkaia.com\\\/fr\\\/politique-des-cookies\\\/\",\"name\":\"Politique des cookies | Disfruta Bizkaia\",\"isPartOf\":{\"@id\":\"https:\\\/\\\/www.disfrutabizkaia.com\\\/#website\"},\"datePublished\":\"2022-03-04T10:29:48+00:00\",\"dateModified\":\"2022-04-12T13:42:47+00:00\",\"breadcrumb\":{\"@id\":\"https:\\\/\\\/www.disfrutabizkaia.com\\\/fr\\\/politique-des-cookies\\\/#breadcrumb\"},\"inLanguage\":\"fr-FR\",\"potentialAction\":[{\"@type\":\"ReadAction\",\"target\":[\"https:\\\/\\\/www.disfrutabizkaia.com\\\/fr\\\/politique-des-cookies\\\/\"]}]},{\"@type\":\"BreadcrumbList\",\"@id\":\"https:\\\/\\\/www.disfrutabizkaia.com\\\/fr\\\/politique-des-cookies\\\/#breadcrumb\",\"itemListElement\":[{\"@type\":\"ListItem\",\"position\":1,\"name\":\"Portada\",\"item\":\"https:\\\/\\\/www.disfrutabizkaia.com\\\/fr\\\/\"},{\"@type\":\"ListItem\",\"position\":2,\"name\":\"Politique des cookies\"}]},{\"@type\":\"WebSite\",\"@id\":\"https:\\\/\\\/www.disfrutabizkaia.com\\\/#website\",\"url\":\"https:\\\/\\\/www.disfrutabizkaia.com\\\/\",\"name\":\"Disfruta Bizkaia\",\"description\":\"\",\"potentialAction\":[{\"@type\":\"SearchAction\",\"target\":{\"@type\":\"EntryPoint\",\"urlTemplate\":\"https:\\\/\\\/www.disfrutabizkaia.com\\\/?s={search_term_string}\"},\"query-input\":{\"@type\":\"PropertyValueSpecification\",\"valueRequired\":true,\"valueName\":\"search_term_string\"}}],\"inLanguage\":\"fr-FR\"}]}<\/script>\n<!-- \/ Yoast SEO plugin. -->","yoast_head_json":{"title":"Politique des cookies | Disfruta Bizkaia","robots":{"index":"noindex","follow":"follow"},"og_locale":"fr_FR","og_type":"article","og_title":"Politique des cookies | Disfruta Bizkaia","og_description":"Un cookie est un fichier qui est t\u00e9l\u00e9charg\u00e9 sur votre ordinateur lorsque vous consultez certains sites web. Les cookies permettent notamment \u00e0 un site web de stocker et de r\u00e9cup\u00e9rer des informations concernant les habitudes de navigation d\u2019un utilisateur ou de son \u00e9quipement puis, en fonction des informations qu\u2019il contient et la mani\u00e8re dont vous [&hellip;]","og_url":"https:\/\/www.disfrutabizkaia.com\/fr\/politique-des-cookies\/","og_site_name":"Disfruta Bizkaia","article_modified_time":"2022-04-12T13:42:47+00:00","twitter_card":"summary_large_image","twitter_misc":{"Dur\u00e9e de lecture estim\u00e9e":"4 minutes"},"schema":{"@context":"https:\/\/schema.org","@graph":[{"@type":"WebPage","@id":"https:\/\/www.disfrutabizkaia.com\/fr\/politique-des-cookies\/","url":"https:\/\/www.disfrutabizkaia.com\/fr\/politique-des-cookies\/","name":"Politique des cookies | Disfruta Bizkaia","isPartOf":{"@id":"https:\/\/www.disfrutabizkaia.com\/#website"},"datePublished":"2022-03-04T10:29:48+00:00","dateModified":"2022-04-12T13:42:47+00:00","breadcrumb":{"@id":"https:\/\/www.disfrutabizkaia.com\/fr\/politique-des-cookies\/#breadcrumb"},"inLanguage":"fr-FR","potentialAction":[{"@type":"ReadAction","target":["https:\/\/www.disfrutabizkaia.com\/fr\/politique-des-cookies\/"]}]},{"@type":"BreadcrumbList","@id":"https:\/\/www.disfrutabizkaia.com\/fr\/politique-des-cookies\/#breadcrumb","itemListElement":[{"@type":"ListItem","position":1,"name":"Portada","item":"https:\/\/www.disfrutabizkaia.com\/fr\/"},{"@type":"ListItem","position":2,"name":"Politique des cookies"}]},{"@type":"WebSite","@id":"https:\/\/www.disfrutabizkaia.com\/#website","url":"https:\/\/www.disfrutabizkaia.com\/","name":"Disfruta Bizkaia","description":"","potentialAction":[{"@type":"SearchAction","target":{"@type":"EntryPoint","urlTemplate":"https:\/\/www.disfrutabizkaia.com\/?s={search_term_string}"},"query-input":{"@type":"PropertyValueSpecification","valueRequired":true,"valueName":"search_term_string"}}],"inLanguage":"fr-FR"}]}},"_links":{"self":[{"href":"https:\/\/www.disfrutabizkaia.com\/fr\/wp-json\/wp\/v2\/pages\/16886","targetHints":{"allow":["GET"]}}],"collection":[{"href":"https:\/\/www.disfrutabizkaia.com\/fr\/wp-json\/wp\/v2\/pages"}],"about":[{"href":"https:\/\/www.disfrutabizkaia.com\/fr\/wp-json\/wp\/v2\/types\/page"}],"author":[{"embeddable":true,"href":"https:\/\/www.disfrutabizkaia.com\/fr\/wp-json\/wp\/v2\/users\/1"}],"replies":[{"embeddable":true,"href":"https:\/\/www.disfrutabizkaia.com\/fr\/wp-json\/wp\/v2\/comments?post=16886"}],"version-history":[{"count":3,"href":"https:\/\/www.disfrutabizkaia.com\/fr\/wp-json\/wp\/v2\/pages\/16886\/revisions"}],"predecessor-version":[{"id":16889,"href":"https:\/\/www.disfrutabizkaia.com\/fr\/wp-json\/wp\/v2\/pages\/16886\/revisions\/16889"}],"wp:attachment":[{"href":"https:\/\/www.disfrutabizkaia.com\/fr\/wp-json\/wp\/v2\/media?parent=16886"}],"curies":[{"name":"wp","href":"https:\/\/api.w.org\/{rel}","templated":true}]}}