{"id":16895,"date":"2022-03-04T11:33:14","date_gmt":"2022-03-04T10:33:14","guid":{"rendered":"https:\/\/disfrutabizkaia.somoswoko.com\/?page_id=16895"},"modified":"2022-04-12T15:38:27","modified_gmt":"2022-04-12T13:38:27","slug":"etablissements","status":"publish","type":"page","link":"https:\/\/www.disfrutabizkaia.com\/fr\/etablissements\/","title":{"rendered":"\u00c9tablissements"},"content":{"rendered":"\n\n    <div class=\"banner-titulo\">\n        <div class=\"contenedor\">\n            <div class=\"margen\">\n\n                <h1>Restaurants, bars et caf\u00e9t\u00e9rias, loisirs nocturne<\/h1>\n\n            <\/div>\n        <\/div>\n    <\/div>\n\n    \n\n\n\n\n    <section class=\"seccion-texto\">\n        <div class=\"contenedor\">\n            <div class=\"margen\">\n\n                <div class=\"texto\">\n                    \n\n\n\n<p>Amateur de cuisine moderne ou de cuisine traditionnelle, vous trouverez \u00e0 satisfaire toutes vos envies culinaires en Biscaye.<\/p>\n\n\n\n<p>Notre large choix gastronomique fait que d\u00e9guster des pintxos et manger le soir \u00e0 Bilbao, ou m\u00eame ailleurs dans la r\u00e9gion, soit l\u2019une des formes de loisirs des habitants&nbsp;: si vous voulez une exp\u00e9rience r\u00e9ussie et baigner dans la culture biscayenne, ne manquez de fl\u00e2ner parmi les \u00e9tablissements les plus charmants de Biscaye.<\/p>\n\n\n\n                <\/div>\n\n            <\/div>\n        <\/div>\n    <\/section>\n\n    \n\n\n\n\n    \n        <div class=\"columnas-sober cols3\">\n\n            \n                                    \n    <a href=\"https:\/\/www.disfrutabizkaia.com\/fr\/etablissements\/restaurants-fr\/\" target=\"_self\" class=\"box-big\">\n\n        <img decoding=\"async\" src=\"https:\/\/www.disfrutabizkaia.com\/wp-content\/uploads\/2021\/04\/restaurantes-bizkaia-imagen.jpg\" alt=\"Image de Restaurants\" class=\"fondo\"\/>\n\n        <div class=\"fondo-amarillo\"><\/div>\n\n        <div class=\"info\">\n\n                            <img decoding=\"async\" class=\"icono\" src=\"https:\/\/www.disfrutabizkaia.com\/wp-content\/uploads\/2021\/04\/restaurantes-bizkaia-icono.svg\" alt=\"Ic\u00f4ne de Restaurants\"\/>\n            \n            <h3>Restaurants<\/h3>\n\n            \n            <p class=\"cta\">D\u00e9couvrir<\/p>\n        <\/div>\n    <\/a>\n\n                                    \n\n            \n                                    \n    <a href=\"https:\/\/www.disfrutabizkaia.com\/fr\/etablissements\/bars-et-cafeterias\/\" target=\"_self\" class=\"box-big\">\n\n        <img decoding=\"async\" src=\"https:\/\/www.disfrutabizkaia.com\/wp-content\/uploads\/2021\/04\/bares-cafeterias-bizkaia-imagen.jpg\" alt=\"Image de Bars et caf\u00e9t\u00e9rias\" class=\"fondo\"\/>\n\n        <div class=\"fondo-amarillo\"><\/div>\n\n        <div class=\"info\">\n\n                            <img decoding=\"async\" class=\"icono\" src=\"https:\/\/www.disfrutabizkaia.com\/wp-content\/uploads\/2021\/04\/bares-cafeterias-bizkaia-icono.svg\" alt=\"Ic\u00f4ne de Bars et caf\u00e9t\u00e9rias\"\/>\n            \n            <h3>Bars et caf\u00e9t\u00e9rias<\/h3>\n\n            \n            <p class=\"cta\">D\u00e9couvrir<\/p>\n        <\/div>\n    <\/a>\n\n                                    \n\n            \n                                    \n    <a href=\"https:\/\/www.disfrutabizkaia.com\/fr\/etablissements\/loisirs-nocturnes\/\" target=\"_self\" class=\"box-big\">\n\n        <img decoding=\"async\" src=\"https:\/\/www.disfrutabizkaia.com\/wp-content\/uploads\/2021\/04\/ocio-nocturno-bizkaia-imagen.jpg\" alt=\"Image de Loisirs nocturnes\" class=\"fondo\"\/>\n\n        <div class=\"fondo-amarillo\"><\/div>\n\n        <div class=\"info\">\n\n                            <img decoding=\"async\" class=\"icono\" src=\"https:\/\/www.disfrutabizkaia.com\/wp-content\/uploads\/2021\/04\/ocio-nocturno-bizkaia-icono.svg\" alt=\"Ic\u00f4ne de Loisirs nocturnes\"\/>\n            \n            <h3>Loisirs nocturnes<\/h3>\n\n            \n            <p class=\"cta\">D\u00e9couvrir<\/p>\n        <\/div>\n    <\/a>\n\n                                    \n\n            \n        <\/div>\n\n    \n    \n\n\n\n\n  \n    <section id=\"newsletter\" class=\"mt-0\">\n        <div class=\"contenedor\">\n            <div class=\"margen\">\n\n                <p class=\"h1\">Abonnez-vous \u00e0 notre newsletter<\/p>\n\n                \n                \n    <div class=\"formulario\" id=\"contacto\">\n\n        <div class=\"wpforms-container \" id=\"wpforms-16947\"><form id=\"wpforms-form-16947\" class=\"wpforms-validate wpforms-form\" data-formid=\"16947\" method=\"post\" enctype=\"multipart\/form-data\" action=\"\/fr\/wp-json\/wp\/v2\/pages\/16895\" data-token=\"e5b2de5a8516a46f1ec4f57649dd0570\" data-token-time=\"1777557780\"><noscript class=\"wpforms-error-noscript\">Veuillez activer JavaScript dans votre navigateur pour remplir ce formulaire.<\/noscript><div class=\"wpforms-field-container\"><div id=\"wpforms-16947-field_1-container\" class=\"wpforms-field wpforms-field-text\" data-field-id=\"1\"><label class=\"wpforms-field-label wpforms-label-hide\" for=\"wpforms-16947-field_1\">Nombre <span class=\"wpforms-required-label\">*<\/span><\/label><input type=\"text\" id=\"wpforms-16947-field_1\" class=\"wpforms-field-large wpforms-field-required\" name=\"wpforms[fields][1]\" placeholder=\"Pr\u00e9nom*\" required\/><\/div><div id=\"wpforms-16947-field_3-container\" class=\"wpforms-field wpforms-field-email\" data-field-id=\"3\"><label class=\"wpforms-field-label wpforms-label-hide\" for=\"wpforms-16947-field_3\">Email <span class=\"wpforms-required-label\">*<\/span><\/label><input type=\"email\" id=\"wpforms-16947-field_3\" class=\"wpforms-field-large wpforms-field-required\" name=\"wpforms[fields][3]\" placeholder=\"E-mail*\" spellcheck=\"false\" required\/><\/div><div id=\"wpforms-16947-field_6-container\" class=\"wpforms-field wpforms-field-checkbox\" data-field-id=\"6\"><label class=\"wpforms-field-label wpforms-label-hide\">Aviso legal <span class=\"wpforms-required-label\">*<\/span><\/label><ul id=\"wpforms-16947-field_6\" class=\"wpforms-field-required\"><li class=\"choice-1 depth-1\"><input type=\"checkbox\" id=\"wpforms-16947-field_6_1\" name=\"wpforms[fields][6][]\" value=\"J\u2019ai lu et j\u2019accepte les &lt;a href=&quot;\/fr\/mentions-legales\/&quot; target=&quot;_blank&quot; rel=&quot;nofollow&quot;&gt;mentions l\u00e9gales&lt;\/a&gt;.\" required\/><label class=\"wpforms-field-label-inline\" for=\"wpforms-16947-field_6_1\">J\u2019ai lu et j\u2019accepte les <a href=\"\/fr\/mentions-legales\/\" target=\"_blank\" rel=\"nofollow\">mentions l\u00e9gales<\/a>.<\/label><\/li><\/ul><\/div><\/div><!-- .wpforms-field-container --><div class=\"wpforms-field wpforms-field-hp\"><label for=\"wpforms-16947-field-hp\" class=\"wpforms-field-label\">Name<\/label><input type=\"text\" name=\"wpforms[hp]\" id=\"wpforms-16947-field-hp\" class=\"wpforms-field-medium\"\/><\/div><div class=\"wpforms-recaptcha-container wpforms-is-recaptcha wpforms-is-recaptcha-type-v3\"><input type=\"hidden\" name=\"wpforms[recaptcha]\" value=\"\"\/><\/div><div class=\"wpforms-submit-container\"><input type=\"hidden\" name=\"wpforms[id]\" value=\"16947\"\/><input type=\"hidden\" name=\"page_title\" value=\"\"\/><input type=\"hidden\" name=\"page_url\" value=\"https:\/\/www.disfrutabizkaia.com\/fr\/wp-json\/wp\/v2\/pages\/16895\"\/><input type=\"hidden\" name=\"url_referer\" value=\"\"\/><button type=\"submit\" name=\"wpforms[submit]\" id=\"wpforms-submit-16947\" class=\"wpforms-submit\" data-alt-text=\"Envoi de...\" data-submit-text=\"S\u2019abonner\" aria-live=\"assertive\" value=\"wpforms-submit\">S\u2019abonner<\/button><\/div><\/form><\/div>  <!-- .wpforms-container -->\n    <\/div>\n\n    \n            <\/div>\n        <\/div>\n    <\/section>\n\n    \n","protected":false},"excerpt":{"rendered":"","protected":false},"author":1,"featured_media":0,"parent":0,"menu_order":30,"comment_status":"closed","ping_status":"closed","template":"","meta":{"_acf_changed":false,"inline_featured_image":false,"footnotes":""},"class_list":["post-16895","page","type-page","status-publish","hentry"],"acf":[],"yoast_head":"<!-- This site is optimized with the Yoast SEO plugin v27.3 - https:\/\/yoast.com\/product\/yoast-seo-wordpress\/ -->\n<title>O\u00f9 manger en Biscaye | Disfruta Bizkaia<\/title>\n<meta name=\"description\" content=\"D\u00e9couvrez les meilleurs endroits pour manger et boire en Biscaye gr\u00e2ce \u00e0 notre vaste offre gastronomique de restaurants, bars et caf\u00e9s.\" \/>\n<meta name=\"robots\" content=\"index, follow, max-snippet:-1, max-image-preview:large, max-video-preview:-1\" \/>\n<link rel=\"canonical\" href=\"https:\/\/www.disfrutabizkaia.com\/fr\/etablissements\/\" \/>\n<meta property=\"og:locale\" content=\"fr_FR\" \/>\n<meta property=\"og:type\" content=\"article\" \/>\n<meta property=\"og:title\" content=\"O\u00f9 manger en Biscaye | Disfruta Bizkaia\" \/>\n<meta property=\"og:description\" content=\"D\u00e9couvrez les meilleurs endroits pour manger et boire en Biscaye gr\u00e2ce \u00e0 notre vaste offre gastronomique de restaurants, bars et caf\u00e9s.\" \/>\n<meta property=\"og:url\" content=\"https:\/\/www.disfrutabizkaia.com\/fr\/etablissements\/\" \/>\n<meta property=\"og:site_name\" content=\"Disfruta Bizkaia\" \/>\n<meta property=\"article:modified_time\" content=\"2022-04-12T13:38:27+00:00\" \/>\n<meta name=\"twitter:card\" content=\"summary_large_image\" \/>\n<meta name=\"twitter:label1\" content=\"Dur\u00e9e de lecture estim\u00e9e\" \/>\n\t<meta name=\"twitter:data1\" content=\"1 minute\" \/>\n<script type=\"application\/ld+json\" class=\"yoast-schema-graph\">{\"@context\":\"https:\\\/\\\/schema.org\",\"@graph\":[{\"@type\":\"WebPage\",\"@id\":\"https:\\\/\\\/www.disfrutabizkaia.com\\\/fr\\\/etablissements\\\/\",\"url\":\"https:\\\/\\\/www.disfrutabizkaia.com\\\/fr\\\/etablissements\\\/\",\"name\":\"O\u00f9 manger en Biscaye | Disfruta Bizkaia\",\"isPartOf\":{\"@id\":\"https:\\\/\\\/www.disfrutabizkaia.com\\\/#website\"},\"datePublished\":\"2022-03-04T10:33:14+00:00\",\"dateModified\":\"2022-04-12T13:38:27+00:00\",\"description\":\"D\u00e9couvrez les meilleurs endroits pour manger et boire en Biscaye gr\u00e2ce \u00e0 notre vaste offre gastronomique de restaurants, bars et caf\u00e9s.\",\"breadcrumb\":{\"@id\":\"https:\\\/\\\/www.disfrutabizkaia.com\\\/fr\\\/etablissements\\\/#breadcrumb\"},\"inLanguage\":\"fr-FR\",\"potentialAction\":[{\"@type\":\"ReadAction\",\"target\":[\"https:\\\/\\\/www.disfrutabizkaia.com\\\/fr\\\/etablissements\\\/\"]}]},{\"@type\":\"BreadcrumbList\",\"@id\":\"https:\\\/\\\/www.disfrutabizkaia.com\\\/fr\\\/etablissements\\\/#breadcrumb\",\"itemListElement\":[{\"@type\":\"ListItem\",\"position\":1,\"name\":\"Portada\",\"item\":\"https:\\\/\\\/www.disfrutabizkaia.com\\\/fr\\\/\"},{\"@type\":\"ListItem\",\"position\":2,\"name\":\"\u00c9tablissements\"}]},{\"@type\":\"WebSite\",\"@id\":\"https:\\\/\\\/www.disfrutabizkaia.com\\\/#website\",\"url\":\"https:\\\/\\\/www.disfrutabizkaia.com\\\/\",\"name\":\"Disfruta Bizkaia\",\"description\":\"\",\"potentialAction\":[{\"@type\":\"SearchAction\",\"target\":{\"@type\":\"EntryPoint\",\"urlTemplate\":\"https:\\\/\\\/www.disfrutabizkaia.com\\\/?s={search_term_string}\"},\"query-input\":{\"@type\":\"PropertyValueSpecification\",\"valueRequired\":true,\"valueName\":\"search_term_string\"}}],\"inLanguage\":\"fr-FR\"}]}<\/script>\n<!-- \/ Yoast SEO plugin. -->","yoast_head_json":{"title":"O\u00f9 manger en Biscaye | Disfruta Bizkaia","description":"D\u00e9couvrez les meilleurs endroits pour manger et boire en Biscaye gr\u00e2ce \u00e0 notre vaste offre gastronomique de restaurants, bars et caf\u00e9s.","robots":{"index":"index","follow":"follow","max-snippet":"max-snippet:-1","max-image-preview":"max-image-preview:large","max-video-preview":"max-video-preview:-1"},"canonical":"https:\/\/www.disfrutabizkaia.com\/fr\/etablissements\/","og_locale":"fr_FR","og_type":"article","og_title":"O\u00f9 manger en Biscaye | Disfruta Bizkaia","og_description":"D\u00e9couvrez les meilleurs endroits pour manger et boire en Biscaye gr\u00e2ce \u00e0 notre vaste offre gastronomique de restaurants, bars et caf\u00e9s.","og_url":"https:\/\/www.disfrutabizkaia.com\/fr\/etablissements\/","og_site_name":"Disfruta Bizkaia","article_modified_time":"2022-04-12T13:38:27+00:00","twitter_card":"summary_large_image","twitter_misc":{"Dur\u00e9e de lecture estim\u00e9e":"1 minute"},"schema":{"@context":"https:\/\/schema.org","@graph":[{"@type":"WebPage","@id":"https:\/\/www.disfrutabizkaia.com\/fr\/etablissements\/","url":"https:\/\/www.disfrutabizkaia.com\/fr\/etablissements\/","name":"O\u00f9 manger en Biscaye | Disfruta Bizkaia","isPartOf":{"@id":"https:\/\/www.disfrutabizkaia.com\/#website"},"datePublished":"2022-03-04T10:33:14+00:00","dateModified":"2022-04-12T13:38:27+00:00","description":"D\u00e9couvrez les meilleurs endroits pour manger et boire en Biscaye gr\u00e2ce \u00e0 notre vaste offre gastronomique de restaurants, bars et caf\u00e9s.","breadcrumb":{"@id":"https:\/\/www.disfrutabizkaia.com\/fr\/etablissements\/#breadcrumb"},"inLanguage":"fr-FR","potentialAction":[{"@type":"ReadAction","target":["https:\/\/www.disfrutabizkaia.com\/fr\/etablissements\/"]}]},{"@type":"BreadcrumbList","@id":"https:\/\/www.disfrutabizkaia.com\/fr\/etablissements\/#breadcrumb","itemListElement":[{"@type":"ListItem","position":1,"name":"Portada","item":"https:\/\/www.disfrutabizkaia.com\/fr\/"},{"@type":"ListItem","position":2,"name":"\u00c9tablissements"}]},{"@type":"WebSite","@id":"https:\/\/www.disfrutabizkaia.com\/#website","url":"https:\/\/www.disfrutabizkaia.com\/","name":"Disfruta Bizkaia","description":"","potentialAction":[{"@type":"SearchAction","target":{"@type":"EntryPoint","urlTemplate":"https:\/\/www.disfrutabizkaia.com\/?s={search_term_string}"},"query-input":{"@type":"PropertyValueSpecification","valueRequired":true,"valueName":"search_term_string"}}],"inLanguage":"fr-FR"}]}},"_links":{"self":[{"href":"https:\/\/www.disfrutabizkaia.com\/fr\/wp-json\/wp\/v2\/pages\/16895","targetHints":{"allow":["GET"]}}],"collection":[{"href":"https:\/\/www.disfrutabizkaia.com\/fr\/wp-json\/wp\/v2\/pages"}],"about":[{"href":"https:\/\/www.disfrutabizkaia.com\/fr\/wp-json\/wp\/v2\/types\/page"}],"author":[{"embeddable":true,"href":"https:\/\/www.disfrutabizkaia.com\/fr\/wp-json\/wp\/v2\/users\/1"}],"replies":[{"embeddable":true,"href":"https:\/\/www.disfrutabizkaia.com\/fr\/wp-json\/wp\/v2\/comments?post=16895"}],"version-history":[{"count":2,"href":"https:\/\/www.disfrutabizkaia.com\/fr\/wp-json\/wp\/v2\/pages\/16895\/revisions"}],"predecessor-version":[{"id":32293,"href":"https:\/\/www.disfrutabizkaia.com\/fr\/wp-json\/wp\/v2\/pages\/16895\/revisions\/32293"}],"wp:attachment":[{"href":"https:\/\/www.disfrutabizkaia.com\/fr\/wp-json\/wp\/v2\/media?parent=16895"}],"curies":[{"name":"wp","href":"https:\/\/api.w.org\/{rel}","templated":true}]}}