{"id":16897,"date":"2022-03-04T11:34:29","date_gmt":"2022-03-04T10:34:29","guid":{"rendered":"https:\/\/disfrutabizkaia.somoswoko.com\/?page_id=16897"},"modified":"2022-04-12T15:39:12","modified_gmt":"2022-04-12T13:39:12","slug":"que-faire-et-que-voir-en-biscaye","status":"publish","type":"page","link":"https:\/\/www.disfrutabizkaia.com\/fr\/que-faire-et-que-voir-en-biscaye\/","title":{"rendered":"Que faire et que voir en Biscaye ?"},"content":{"rendered":"\n\n    <div class=\"banner-titulo\">\n        <div class=\"contenedor\">\n            <div class=\"margen\">\n\n                <h1>Que faire et que voir en Biscaye ?<\/h1>\n\n            <\/div>\n        <\/div>\n    <\/div>\n\n    \n\n\n\n\n    <section class=\"seccion-texto\">\n        <div class=\"contenedor\">\n            <div class=\"margen\">\n\n                <div class=\"texto\">\n                    \n\n\n\n<p>Un paysage \u00e0 couper le souffle, avec le meilleur de la mer et le meilleur de la terre, avec<br \/>ses c\u00f4tes spectaculaires et ses terres riches et vari\u00e9es.<\/p>\n\n\n\n<p>Si vous vous demandez ce qu\u2019il y a \u00e0 faire, \u00e0 voir ou \u00e0 visiter, retrouvez dans ce guide<br \/>toute l\u2019information touristique. Nous d\u00e9voilons les meilleurs bons plans et visites<br \/>incontournables afin que votre itin\u00e9raire soit spectaculaire et complet.<\/p>\n\n\n\n                <\/div>\n\n            <\/div>\n        <\/div>\n    <\/section>\n\n    \n\n\n\n\n    \n        <div class=\"columnas-sober cols4\">\n\n            \n                                    \n    <a href=\"https:\/\/www.disfrutabizkaia.com\/fr\/que-faire\/terrasses-avec-vue\/\" target=\"_self\" class=\"box-big\">\n\n        <img decoding=\"async\" src=\"https:\/\/www.disfrutabizkaia.com\/wp-content\/uploads\/2024\/07\/terraza-hotel-nyx-vistas-bilbao-bizkaia-1024x666.jpeg\" alt=\"Image de Terrasses avec vue\" class=\"fondo\"\/>\n\n        <div class=\"fondo-amarillo\"><\/div>\n\n        <div class=\"info\">\n\n            \n            <h3>Terrasses avec vue<\/h3>\n\n            \n            <p class=\"cta\">D\u00e9couvrir<\/p>\n        <\/div>\n    <\/a>\n\n                                    \n\n            \n                                    \n    <a href=\"https:\/\/www.disfrutabizkaia.com\/fr\/que-faire\/route-de-la-cote-de-boeuf-en-biscaye\/\" target=\"_self\" class=\"box-big\">\n\n        <img decoding=\"async\" src=\"https:\/\/www.disfrutabizkaia.com\/wp-content\/uploads\/2022\/03\/Cannon-txuleta-brasa.jpg\" alt=\"Image de Route de la c\u00f4te de b\u0153uf en Biscaye\" class=\"fondo\"\/>\n\n        <div class=\"fondo-amarillo\"><\/div>\n\n        <div class=\"info\">\n\n            \n            <h3>Route de la c\u00f4te de b\u0153uf en Biscaye<\/h3>\n\n                            <p>Manger un steak en Bizkaia.<\/p>\n            \n            <p class=\"cta\">D\u00e9couvrir<\/p>\n        <\/div>\n    <\/a>\n\n                                    \n\n            \n                                    \n    <a href=\"https:\/\/www.disfrutabizkaia.com\/fr\/que-faire\/route-des-pintxos-en-biscaye\/\" target=\"_self\" class=\"box-big\">\n\n        <img decoding=\"async\" src=\"https:\/\/www.disfrutabizkaia.com\/wp-content\/uploads\/2021\/04\/ruta-pintxos-bizkaia-1024x682.jpg\" alt=\"Image de Route des pintxos en Biscaye\" class=\"fondo\"\/>\n\n        <div class=\"fondo-amarillo\"><\/div>\n\n        <div class=\"info\">\n\n            \n            <h3>Route des pintxos en Biscaye<\/h3>\n\n                            <p>D\u00e9couvrez les meilleurs pintxos de Bilbao<\/p>\n            \n            <p class=\"cta\">D\u00e9couvrir<\/p>\n        <\/div>\n    <\/a>\n\n                                    \n\n            \n                                    \n    <a href=\"https:\/\/www.disfrutabizkaia.com\/fr\/que-faire\/la-route-de-lomelette\/\" target=\"_self\" class=\"box-big\">\n\n        <img decoding=\"async\" src=\"https:\/\/www.disfrutabizkaia.com\/wp-content\/uploads\/2024\/01\/Diseno-sin-titulo-1024x578.jpg\" alt=\"Image de La Route de l\u00b4omelette\" class=\"fondo\"\/>\n\n        <div class=\"fondo-amarillo\"><\/div>\n\n        <div class=\"info\">\n\n            \n            <h3>La Route de l\u00b4omelette<\/h3>\n\n            \n            <p class=\"cta\">D\u00e9couvrir<\/p>\n        <\/div>\n    <\/a>\n\n                                    \n\n            \n                                    \n    <a href=\"https:\/\/www.disfrutabizkaia.com\/fr\/que-faire\/route-veggie-friendly\/\" target=\"_self\" class=\"box-big\">\n\n        <img decoding=\"async\" src=\"https:\/\/www.disfrutabizkaia.com\/wp-content\/uploads\/2021\/04\/cocina-vegana-vegetariana-ruta-gastronomica-Bizkaia-1024x731.png\" alt=\"Image de Route Veggie friendly\" class=\"fondo\"\/>\n\n        <div class=\"fondo-amarillo\"><\/div>\n\n        <div class=\"info\">\n\n            \n            <h3>Route Veggie friendly<\/h3>\n\n                            <p>Restaurants avec options v\u00e9g\u00e9taliennes et\/ou v\u00e9g\u00e9tariennes en Bizkaia<\/p>\n            \n            <p class=\"cta\">D\u00e9couvrir<\/p>\n        <\/div>\n    <\/a>\n\n                                    \n\n            \n                                    \n    <a href=\"https:\/\/www.disfrutabizkaia.com\/fr\/que-faire\/restaurants-etoiles-michelin-en-biscaye\/\" target=\"_self\" class=\"box-big\">\n\n        <img decoding=\"async\" src=\"https:\/\/www.disfrutabizkaia.com\/wp-content\/uploads\/2021\/04\/restaurantes-estrellas-michelin-bizkaia.jpg\" alt=\"Image de Restaurants \u00e9toil\u00e9s Michelin en Biscaye\" class=\"fondo\"\/>\n\n        <div class=\"fondo-amarillo\"><\/div>\n\n        <div class=\"info\">\n\n            \n            <h3>Restaurants \u00e9toil\u00e9s Michelin en Biscaye<\/h3>\n\n            \n            <p class=\"cta\">D\u00e9couvrir<\/p>\n        <\/div>\n    <\/a>\n\n                                    \n\n            \n                                    \n    <a href=\"https:\/\/www.disfrutabizkaia.com\/fr\/plans\/villages-dans-les-terres\/\" target=\"_self\" class=\"box-big\">\n\n        <img decoding=\"async\" src=\"https:\/\/www.disfrutabizkaia.com\/wp-content\/uploads\/2021\/04\/pueblos-interior-bizkaia-1024x685.jpg\" alt=\"Image de Villages dans les terres\" class=\"fondo\"\/>\n\n        <div class=\"fondo-amarillo\"><\/div>\n\n        <div class=\"info\">\n\n            \n            <h3>Villages dans les terres<\/h3>\n\n            \n            <p class=\"cta\">D\u00e9couvrir<\/p>\n        <\/div>\n    <\/a>\n\n                                    \n\n            \n                                    \n    <a href=\"https:\/\/www.disfrutabizkaia.com\/fr\/plans\/villages-de-pecheurs-en-biscaye\/\" target=\"_self\" class=\"box-big\">\n\n        <img decoding=\"async\" src=\"https:\/\/www.disfrutabizkaia.com\/wp-content\/uploads\/2021\/04\/pueblos-pesqueros-bizkaia-1024x527.jpg\" alt=\"Image de Villages de p\u00eacheurs en Biscaye\" class=\"fondo\"\/>\n\n        <div class=\"fondo-amarillo\"><\/div>\n\n        <div class=\"info\">\n\n            \n            <h3>Villages de p\u00eacheurs en Biscaye<\/h3>\n\n            \n            <p class=\"cta\">D\u00e9couvrir<\/p>\n        <\/div>\n    <\/a>\n\n                                    \n\n            \n                                    \n    <a href=\"https:\/\/www.disfrutabizkaia.com\/fr\/plans\/salles-dexpositions-evenements-et-theatres\/\" target=\"_self\" class=\"box-big\">\n\n        <img decoding=\"async\" src=\"https:\/\/www.disfrutabizkaia.com\/wp-content\/uploads\/2021\/04\/teatros-bizkaia-1024x682.jpg\" alt=\"Image de Salles d\u2019expositions, \u00e9v\u00e9nements et th\u00e9\u00e2tres\" class=\"fondo\"\/>\n\n        <div class=\"fondo-amarillo\"><\/div>\n\n        <div class=\"info\">\n\n            \n            <h3>Salles d\u2019expositions, \u00e9v\u00e9nements et th\u00e9\u00e2tres<\/h3>\n\n            \n            <p class=\"cta\">D\u00e9couvrir<\/p>\n        <\/div>\n    <\/a>\n\n                                    \n\n            \n                                    \n    <a href=\"https:\/\/www.disfrutabizkaia.com\/fr\/plans\/musees\/\" target=\"_self\" class=\"box-big\">\n\n        <img decoding=\"async\" src=\"https:\/\/www.disfrutabizkaia.com\/wp-content\/uploads\/2021\/04\/museos-bizkaia.jpg\" alt=\"Image de Mus\u00e9es\" class=\"fondo\"\/>\n\n        <div class=\"fondo-amarillo\"><\/div>\n\n        <div class=\"info\">\n\n            \n            <h3>Mus\u00e9es<\/h3>\n\n            \n            <p class=\"cta\">D\u00e9couvrir<\/p>\n        <\/div>\n    <\/a>\n\n                                    \n\n            \n                                    \n    <a href=\"https:\/\/www.disfrutabizkaia.com\/fr\/plans\/marches\/\" target=\"_self\" class=\"box-big\">\n\n        <img decoding=\"async\" src=\"https:\/\/www.disfrutabizkaia.com\/wp-content\/uploads\/2021\/04\/mercados-bizkaia-1024x683.jpg\" alt=\"Image de March\u00e9s\" class=\"fondo\"\/>\n\n        <div class=\"fondo-amarillo\"><\/div>\n\n        <div class=\"info\">\n\n            \n            <h3>March\u00e9s<\/h3>\n\n            \n            <p class=\"cta\">D\u00e9couvrir<\/p>\n        <\/div>\n    <\/a>\n\n                                    \n\n            \n                                    \n    <a href=\"https:\/\/www.disfrutabizkaia.com\/fr\/plans\/traditions-et-fetes-populaires-en-biscaye\/\" target=\"_self\" class=\"box-big\">\n\n        <img decoding=\"async\" src=\"https:\/\/www.disfrutabizkaia.com\/wp-content\/uploads\/2021\/04\/tradiciones-fiestas-populares-bizkaia.jpg\" alt=\"Image de Traditions et f\u00eates populaires en Biscaye\" class=\"fondo\"\/>\n\n        <div class=\"fondo-amarillo\"><\/div>\n\n        <div class=\"info\">\n\n            \n            <h3>Traditions et f\u00eates populaires en Biscaye<\/h3>\n\n            \n            <p class=\"cta\">D\u00e9couvrir<\/p>\n        <\/div>\n    <\/a>\n\n                                    \n\n            \n                                    \n    <a href=\"https:\/\/www.disfrutabizkaia.com\/fr\/plans\/lieux-pleins-de-charme-en-biscaye\/\" target=\"_self\" class=\"box-big\">\n\n        <img decoding=\"async\" src=\"https:\/\/www.disfrutabizkaia.com\/wp-content\/uploads\/2021\/01\/mejores-planes-bizkaia-disfrutabizkaia-1024x400.jpg\" alt=\"Image de Lieux pleins de charme en Biscaye\" class=\"fondo\"\/>\n\n        <div class=\"fondo-amarillo\"><\/div>\n\n        <div class=\"info\">\n\n            \n            <h3>Lieux pleins de charme en Biscaye<\/h3>\n\n            \n            <p class=\"cta\">D\u00e9couvrir<\/p>\n        <\/div>\n    <\/a>\n\n                                    \n\n            \n                                    \n    <a href=\"https:\/\/www.disfrutabizkaia.com\/fr\/plans\/architecture-fr\/\" target=\"_self\" class=\"box-big\">\n\n        <img decoding=\"async\" src=\"https:\/\/www.disfrutabizkaia.com\/wp-content\/uploads\/2021\/04\/arquitectura-bizkaia.jpg\" alt=\"Image de Architecture\" class=\"fondo\"\/>\n\n        <div class=\"fondo-amarillo\"><\/div>\n\n        <div class=\"info\">\n\n            \n            <h3>Architecture<\/h3>\n\n            \n            <p class=\"cta\">D\u00e9couvrir<\/p>\n        <\/div>\n    <\/a>\n\n                                    \n\n            \n                                    \n    <a href=\"https:\/\/www.disfrutabizkaia.com\/fr\/plans\/plages-et-criques-en-biscaye\/\" target=\"_self\" class=\"box-big\">\n\n        <img decoding=\"async\" src=\"https:\/\/www.disfrutabizkaia.com\/wp-content\/uploads\/2021\/04\/playas-calas-bizkaia-1024x640.jpg\" alt=\"Image de Plages et criques en Biscaye\" class=\"fondo\"\/>\n\n        <div class=\"fondo-amarillo\"><\/div>\n\n        <div class=\"info\">\n\n            \n            <h3>Plages et criques en Biscaye<\/h3>\n\n            \n            <p class=\"cta\">D\u00e9couvrir<\/p>\n        <\/div>\n    <\/a>\n\n                                    \n\n            \n                                    \n    <a href=\"https:\/\/www.disfrutabizkaia.com\/fr\/plans\/sports-en-biscaye\/\" target=\"_self\" class=\"box-big\">\n\n        <img decoding=\"async\" src=\"https:\/\/www.disfrutabizkaia.com\/wp-content\/uploads\/2021\/04\/deportes-bizkaia.jpg\" alt=\"Image de Sports en Biscaye\" class=\"fondo\"\/>\n\n        <div class=\"fondo-amarillo\"><\/div>\n\n        <div class=\"info\">\n\n            \n            <h3>Sports en Biscaye<\/h3>\n\n            \n            <p class=\"cta\">D\u00e9couvrir<\/p>\n        <\/div>\n    <\/a>\n\n                                    \n\n            \n                                    \n    <a href=\"https:\/\/www.disfrutabizkaia.com\/fr\/plans\/experiences-fr\/\" target=\"_self\" class=\"box-big\">\n\n        <img decoding=\"async\" src=\"https:\/\/www.disfrutabizkaia.com\/wp-content\/uploads\/2021\/04\/experiencias-bizkaia-1024x768.jpg\" alt=\"Image de Exp\u00e9riences\" class=\"fondo\"\/>\n\n        <div class=\"fondo-amarillo\"><\/div>\n\n        <div class=\"info\">\n\n            \n            <h3>Exp\u00e9riences<\/h3>\n\n            \n            <p class=\"cta\">D\u00e9couvrir<\/p>\n        <\/div>\n    <\/a>\n\n                                    \n\n            \n                                    \n    <a href=\"https:\/\/www.disfrutabizkaia.com\/fr\/que-faire\/chemin-de-compostelle\/\" target=\"_self\" class=\"box-big\">\n\n        <img decoding=\"async\" src=\"https:\/\/www.disfrutabizkaia.com\/wp-content\/uploads\/2021\/04\/camino-santiago-bizkaia-imagen-1024x768.jpg\" alt=\"Image de Chemin de Compostelle\" class=\"fondo\"\/>\n\n        <div class=\"fondo-amarillo\"><\/div>\n\n        <div class=\"info\">\n\n            \n            <h3>Chemin de Compostelle<\/h3>\n\n                            <p>D\u00e9couvrez le Chemin du Nord qui passe par la Biscaye<\/p>\n            \n            <p class=\"cta\">D\u00e9couvrir<\/p>\n        <\/div>\n    <\/a>\n\n                                    \n\n            \n        <\/div>\n\n    \n    \n\n\n\n\n  \n    <section id=\"newsletter\" class=\"mt-0\">\n        <div class=\"contenedor\">\n            <div class=\"margen\">\n\n                <p class=\"h1\">Abonnez-vous \u00e0 notre newsletter<\/p>\n\n                \n                \n    <div class=\"formulario\" id=\"contacto\">\n\n        <div class=\"wpforms-container \" id=\"wpforms-16947\"><form id=\"wpforms-form-16947\" class=\"wpforms-validate wpforms-form\" data-formid=\"16947\" method=\"post\" enctype=\"multipart\/form-data\" action=\"\/fr\/wp-json\/wp\/v2\/pages\/16897\" data-token=\"246a734e0657de15b05bf14dc9081527\" data-token-time=\"1777603450\"><noscript class=\"wpforms-error-noscript\">Veuillez activer JavaScript dans votre navigateur pour remplir ce formulaire.<\/noscript><div class=\"wpforms-field-container\"><div id=\"wpforms-16947-field_1-container\" class=\"wpforms-field wpforms-field-text\" data-field-id=\"1\"><label class=\"wpforms-field-label wpforms-label-hide\" for=\"wpforms-16947-field_1\">Nombre <span class=\"wpforms-required-label\">*<\/span><\/label><input type=\"text\" id=\"wpforms-16947-field_1\" class=\"wpforms-field-large wpforms-field-required\" name=\"wpforms[fields][1]\" placeholder=\"Pr\u00e9nom*\" required\/><\/div><div id=\"wpforms-16947-field_3-container\" class=\"wpforms-field wpforms-field-email\" data-field-id=\"3\"><label class=\"wpforms-field-label wpforms-label-hide\" for=\"wpforms-16947-field_3\">Email <span class=\"wpforms-required-label\">*<\/span><\/label><input type=\"email\" id=\"wpforms-16947-field_3\" class=\"wpforms-field-large wpforms-field-required\" name=\"wpforms[fields][3]\" placeholder=\"E-mail*\" spellcheck=\"false\" required\/><\/div><div id=\"wpforms-16947-field_6-container\" class=\"wpforms-field wpforms-field-checkbox\" data-field-id=\"6\"><label class=\"wpforms-field-label wpforms-label-hide\">Aviso legal <span class=\"wpforms-required-label\">*<\/span><\/label><ul id=\"wpforms-16947-field_6\" class=\"wpforms-field-required\"><li class=\"choice-1 depth-1\"><input type=\"checkbox\" id=\"wpforms-16947-field_6_1\" name=\"wpforms[fields][6][]\" value=\"J\u2019ai lu et j\u2019accepte les &lt;a href=&quot;\/fr\/mentions-legales\/&quot; target=&quot;_blank&quot; rel=&quot;nofollow&quot;&gt;mentions l\u00e9gales&lt;\/a&gt;.\" required\/><label class=\"wpforms-field-label-inline\" for=\"wpforms-16947-field_6_1\">J\u2019ai lu et j\u2019accepte les <a href=\"\/fr\/mentions-legales\/\" target=\"_blank\" rel=\"nofollow\">mentions l\u00e9gales<\/a>.<\/label><\/li><\/ul><\/div><\/div><!-- .wpforms-field-container --><div class=\"wpforms-field wpforms-field-hp\"><label for=\"wpforms-16947-field-hp\" class=\"wpforms-field-label\">Email<\/label><input type=\"text\" name=\"wpforms[hp]\" id=\"wpforms-16947-field-hp\" class=\"wpforms-field-medium\"\/><\/div><div class=\"wpforms-recaptcha-container wpforms-is-recaptcha wpforms-is-recaptcha-type-v3\"><input type=\"hidden\" name=\"wpforms[recaptcha]\" value=\"\"\/><\/div><div class=\"wpforms-submit-container\"><input type=\"hidden\" name=\"wpforms[id]\" value=\"16947\"\/><input type=\"hidden\" name=\"page_title\" value=\"\"\/><input type=\"hidden\" name=\"page_url\" value=\"https:\/\/www.disfrutabizkaia.com\/fr\/wp-json\/wp\/v2\/pages\/16897\"\/><input type=\"hidden\" name=\"url_referer\" value=\"\"\/><button type=\"submit\" name=\"wpforms[submit]\" id=\"wpforms-submit-16947\" class=\"wpforms-submit\" data-alt-text=\"Envoi de...\" data-submit-text=\"S\u2019abonner\" aria-live=\"assertive\" value=\"wpforms-submit\">S\u2019abonner<\/button><\/div><\/form><\/div>  <!-- .wpforms-container -->\n    <\/div>\n\n    \n            <\/div>\n        <\/div>\n    <\/section>\n\n    \n","protected":false},"excerpt":{"rendered":"","protected":false},"author":1,"featured_media":0,"parent":0,"menu_order":40,"comment_status":"closed","ping_status":"closed","template":"","meta":{"_acf_changed":false,"inline_featured_image":false,"footnotes":""},"class_list":["post-16897","page","type-page","status-publish","hentry"],"acf":[],"yoast_head":"<!-- This site is optimized with the Yoast SEO plugin v27.3 - https:\/\/yoast.com\/product\/yoast-seo-wordpress\/ -->\n<title>Que faire et que voir en Biscaye | Disfruta Bizkaia<\/title>\n<meta name=\"description\" content=\"D\u00e9couvrez ce qu&#039;il faut voir en Biscaye, ce qu&#039;il faut visiter \u00e0 Bilbao, tous les lieux les plus impressionnants de notre province au bout de vos doigts.\" \/>\n<meta name=\"robots\" content=\"index, follow, max-snippet:-1, max-image-preview:large, max-video-preview:-1\" \/>\n<link rel=\"canonical\" href=\"https:\/\/www.disfrutabizkaia.com\/fr\/que-faire-et-que-voir-en-biscaye\/\" \/>\n<meta property=\"og:locale\" content=\"fr_FR\" \/>\n<meta property=\"og:type\" content=\"article\" \/>\n<meta property=\"og:title\" content=\"Que faire et que voir en Biscaye | Disfruta Bizkaia\" \/>\n<meta property=\"og:description\" content=\"D\u00e9couvrez ce qu&#039;il faut voir en Biscaye, ce qu&#039;il faut visiter \u00e0 Bilbao, tous les lieux les plus impressionnants de notre province au bout de vos doigts.\" \/>\n<meta property=\"og:url\" content=\"https:\/\/www.disfrutabizkaia.com\/fr\/que-faire-et-que-voir-en-biscaye\/\" \/>\n<meta property=\"og:site_name\" content=\"Disfruta Bizkaia\" \/>\n<meta property=\"article:modified_time\" content=\"2022-04-12T13:39:12+00:00\" \/>\n<meta name=\"twitter:card\" content=\"summary_large_image\" \/>\n<meta name=\"twitter:label1\" content=\"Dur\u00e9e de lecture estim\u00e9e\" \/>\n\t<meta name=\"twitter:data1\" content=\"1 minute\" \/>\n<script type=\"application\/ld+json\" class=\"yoast-schema-graph\">{\"@context\":\"https:\\\/\\\/schema.org\",\"@graph\":[{\"@type\":\"WebPage\",\"@id\":\"https:\\\/\\\/www.disfrutabizkaia.com\\\/fr\\\/que-faire-et-que-voir-en-biscaye\\\/\",\"url\":\"https:\\\/\\\/www.disfrutabizkaia.com\\\/fr\\\/que-faire-et-que-voir-en-biscaye\\\/\",\"name\":\"Que faire et que voir en Biscaye | Disfruta Bizkaia\",\"isPartOf\":{\"@id\":\"https:\\\/\\\/www.disfrutabizkaia.com\\\/#website\"},\"datePublished\":\"2022-03-04T10:34:29+00:00\",\"dateModified\":\"2022-04-12T13:39:12+00:00\",\"description\":\"D\u00e9couvrez ce qu'il faut voir en Biscaye, ce qu'il faut visiter \u00e0 Bilbao, tous les lieux les plus impressionnants de notre province au bout de vos doigts.\",\"breadcrumb\":{\"@id\":\"https:\\\/\\\/www.disfrutabizkaia.com\\\/fr\\\/que-faire-et-que-voir-en-biscaye\\\/#breadcrumb\"},\"inLanguage\":\"fr-FR\",\"potentialAction\":[{\"@type\":\"ReadAction\",\"target\":[\"https:\\\/\\\/www.disfrutabizkaia.com\\\/fr\\\/que-faire-et-que-voir-en-biscaye\\\/\"]}]},{\"@type\":\"BreadcrumbList\",\"@id\":\"https:\\\/\\\/www.disfrutabizkaia.com\\\/fr\\\/que-faire-et-que-voir-en-biscaye\\\/#breadcrumb\",\"itemListElement\":[{\"@type\":\"ListItem\",\"position\":1,\"name\":\"Portada\",\"item\":\"https:\\\/\\\/www.disfrutabizkaia.com\\\/fr\\\/\"},{\"@type\":\"ListItem\",\"position\":2,\"name\":\"Que faire et que voir en Biscaye ?\"}]},{\"@type\":\"WebSite\",\"@id\":\"https:\\\/\\\/www.disfrutabizkaia.com\\\/#website\",\"url\":\"https:\\\/\\\/www.disfrutabizkaia.com\\\/\",\"name\":\"Disfruta Bizkaia\",\"description\":\"\",\"potentialAction\":[{\"@type\":\"SearchAction\",\"target\":{\"@type\":\"EntryPoint\",\"urlTemplate\":\"https:\\\/\\\/www.disfrutabizkaia.com\\\/?s={search_term_string}\"},\"query-input\":{\"@type\":\"PropertyValueSpecification\",\"valueRequired\":true,\"valueName\":\"search_term_string\"}}],\"inLanguage\":\"fr-FR\"}]}<\/script>\n<!-- \/ Yoast SEO plugin. -->","yoast_head_json":{"title":"Que faire et que voir en Biscaye | Disfruta Bizkaia","description":"D\u00e9couvrez ce qu'il faut voir en Biscaye, ce qu'il faut visiter \u00e0 Bilbao, tous les lieux les plus impressionnants de notre province au bout de vos doigts.","robots":{"index":"index","follow":"follow","max-snippet":"max-snippet:-1","max-image-preview":"max-image-preview:large","max-video-preview":"max-video-preview:-1"},"canonical":"https:\/\/www.disfrutabizkaia.com\/fr\/que-faire-et-que-voir-en-biscaye\/","og_locale":"fr_FR","og_type":"article","og_title":"Que faire et que voir en Biscaye | Disfruta Bizkaia","og_description":"D\u00e9couvrez ce qu'il faut voir en Biscaye, ce qu'il faut visiter \u00e0 Bilbao, tous les lieux les plus impressionnants de notre province au bout de vos doigts.","og_url":"https:\/\/www.disfrutabizkaia.com\/fr\/que-faire-et-que-voir-en-biscaye\/","og_site_name":"Disfruta Bizkaia","article_modified_time":"2022-04-12T13:39:12+00:00","twitter_card":"summary_large_image","twitter_misc":{"Dur\u00e9e de lecture estim\u00e9e":"1 minute"},"schema":{"@context":"https:\/\/schema.org","@graph":[{"@type":"WebPage","@id":"https:\/\/www.disfrutabizkaia.com\/fr\/que-faire-et-que-voir-en-biscaye\/","url":"https:\/\/www.disfrutabizkaia.com\/fr\/que-faire-et-que-voir-en-biscaye\/","name":"Que faire et que voir en Biscaye | Disfruta Bizkaia","isPartOf":{"@id":"https:\/\/www.disfrutabizkaia.com\/#website"},"datePublished":"2022-03-04T10:34:29+00:00","dateModified":"2022-04-12T13:39:12+00:00","description":"D\u00e9couvrez ce qu'il faut voir en Biscaye, ce qu'il faut visiter \u00e0 Bilbao, tous les lieux les plus impressionnants de notre province au bout de vos doigts.","breadcrumb":{"@id":"https:\/\/www.disfrutabizkaia.com\/fr\/que-faire-et-que-voir-en-biscaye\/#breadcrumb"},"inLanguage":"fr-FR","potentialAction":[{"@type":"ReadAction","target":["https:\/\/www.disfrutabizkaia.com\/fr\/que-faire-et-que-voir-en-biscaye\/"]}]},{"@type":"BreadcrumbList","@id":"https:\/\/www.disfrutabizkaia.com\/fr\/que-faire-et-que-voir-en-biscaye\/#breadcrumb","itemListElement":[{"@type":"ListItem","position":1,"name":"Portada","item":"https:\/\/www.disfrutabizkaia.com\/fr\/"},{"@type":"ListItem","position":2,"name":"Que faire et que voir en Biscaye ?"}]},{"@type":"WebSite","@id":"https:\/\/www.disfrutabizkaia.com\/#website","url":"https:\/\/www.disfrutabizkaia.com\/","name":"Disfruta Bizkaia","description":"","potentialAction":[{"@type":"SearchAction","target":{"@type":"EntryPoint","urlTemplate":"https:\/\/www.disfrutabizkaia.com\/?s={search_term_string}"},"query-input":{"@type":"PropertyValueSpecification","valueRequired":true,"valueName":"search_term_string"}}],"inLanguage":"fr-FR"}]}},"_links":{"self":[{"href":"https:\/\/www.disfrutabizkaia.com\/fr\/wp-json\/wp\/v2\/pages\/16897","targetHints":{"allow":["GET"]}}],"collection":[{"href":"https:\/\/www.disfrutabizkaia.com\/fr\/wp-json\/wp\/v2\/pages"}],"about":[{"href":"https:\/\/www.disfrutabizkaia.com\/fr\/wp-json\/wp\/v2\/types\/page"}],"author":[{"embeddable":true,"href":"https:\/\/www.disfrutabizkaia.com\/fr\/wp-json\/wp\/v2\/users\/1"}],"replies":[{"embeddable":true,"href":"https:\/\/www.disfrutabizkaia.com\/fr\/wp-json\/wp\/v2\/comments?post=16897"}],"version-history":[{"count":1,"href":"https:\/\/www.disfrutabizkaia.com\/fr\/wp-json\/wp\/v2\/pages\/16897\/revisions"}],"predecessor-version":[{"id":16898,"href":"https:\/\/www.disfrutabizkaia.com\/fr\/wp-json\/wp\/v2\/pages\/16897\/revisions\/16898"}],"wp:attachment":[{"href":"https:\/\/www.disfrutabizkaia.com\/fr\/wp-json\/wp\/v2\/media?parent=16897"}],"curies":[{"name":"wp","href":"https:\/\/api.w.org\/{rel}","templated":true}]}}