{"id":16900,"date":"2022-03-04T11:35:18","date_gmt":"2022-03-04T10:35:18","guid":{"rendered":"https:\/\/disfrutabizkaia.somoswoko.com\/?page_id=16900"},"modified":"2022-04-12T15:42:23","modified_gmt":"2022-04-12T13:42:23","slug":"mentions-legales","status":"publish","type":"page","link":"https:\/\/www.disfrutabizkaia.com\/fr\/mentions-legales\/","title":{"rendered":"Mentions l\u00e9gales"},"content":{"rendered":"\n<p>Conform\u00e9ment \u00e0 la Loi 34\/2002, du 11 juillet, sur les services de la soci\u00e9t\u00e9 de l\u2019information et du commerce \u00e9lectronique (LSSI-CE), l\u2019ASSOCIATION DES ENTREPRENEURS DE L\u2019H\u00d4TELLERIE DE BISCAYE vous informe qu\u2019elle est propri\u00e9taire du portail www.asociacionhosteleria.com<\/p>\n\n\n\n<p>Conform\u00e9ment \u00e0 l\u2019exigence de l\u2019article 10 de ladite Loi, elle informe que le titulaire de ce site web est&nbsp;:<\/p>\n\n\n\n<p>L\u2019ASSOCIATION DES ENTREPRENEURS DE L\u2019H\u00d4TELLERIE DE BISCAYE<\/p>\n\n\n\n<p>CIF&nbsp;: G48115349 Si\u00e8ge social&nbsp;: Gran V\u00eda 38, 2\u00aa planta, de Bilbao, C.P. 48009 (Bizkaia). T\u00e9l\u00e9phone\/ Fax&nbsp;: (+34) 94 435 66 60 \/ (+34) 94 423 67 03 E-mail&nbsp;: lopd@asociacionhosteleria.com Web&nbsp;: www.asociacionhosteleria.com<\/p>\n\n\n\n<p>Immatricul\u00e9e au Registre des Associations Professionnelles du Service de la Justice, de l\u2019Emploi et de la S\u00e9curit\u00e9 Sociale du Gouvernement Basque, avec le num\u00e9ro de Dossier 48\/47.<\/p>\n","protected":false},"excerpt":{"rendered":"<p>Conform\u00e9ment \u00e0 la Loi 34\/2002, du 11 juillet, sur les services de la soci\u00e9t\u00e9 de l\u2019information et du commerce \u00e9lectronique (LSSI-CE), l\u2019ASSOCIATION DES ENTREPRENEURS DE L\u2019H\u00d4TELLERIE DE BISCAYE vous informe qu\u2019elle est propri\u00e9taire du portail www.asociacionhosteleria.com Conform\u00e9ment \u00e0 l\u2019exigence de l\u2019article 10 de ladite Loi, elle informe que le titulaire de ce site web est&nbsp;: [&hellip;]<\/p>\n","protected":false},"author":1,"featured_media":0,"parent":0,"menu_order":1000,"comment_status":"closed","ping_status":"closed","template":"page-texto.php","meta":{"_acf_changed":false,"inline_featured_image":false,"footnotes":""},"class_list":["post-16900","page","type-page","status-publish","hentry"],"acf":[],"yoast_head":"<!-- This site is optimized with the Yoast SEO plugin v27.3 - https:\/\/yoast.com\/product\/yoast-seo-wordpress\/ -->\n<title>Mentions l\u00e9gales | Disfruta Bizkaia<\/title>\n<meta name=\"robots\" content=\"index, follow, max-snippet:-1, max-image-preview:large, max-video-preview:-1\" \/>\n<link rel=\"canonical\" href=\"https:\/\/www.disfrutabizkaia.com\/fr\/mentions-legales\/\" \/>\n<meta property=\"og:locale\" content=\"fr_FR\" \/>\n<meta property=\"og:type\" content=\"article\" \/>\n<meta property=\"og:title\" content=\"Mentions l\u00e9gales | Disfruta Bizkaia\" \/>\n<meta property=\"og:description\" content=\"Conform\u00e9ment \u00e0 la Loi 34\/2002, du 11 juillet, sur les services de la soci\u00e9t\u00e9 de l\u2019information et du commerce \u00e9lectronique (LSSI-CE), l\u2019ASSOCIATION DES ENTREPRENEURS DE L\u2019H\u00d4TELLERIE DE BISCAYE vous informe qu\u2019elle est propri\u00e9taire du portail www.asociacionhosteleria.com Conform\u00e9ment \u00e0 l\u2019exigence de l\u2019article 10 de ladite Loi, elle informe que le titulaire de ce site web est&nbsp;: [&hellip;]\" \/>\n<meta property=\"og:url\" content=\"https:\/\/www.disfrutabizkaia.com\/fr\/mentions-legales\/\" \/>\n<meta property=\"og:site_name\" content=\"Disfruta Bizkaia\" \/>\n<meta property=\"article:modified_time\" content=\"2022-04-12T13:42:23+00:00\" \/>\n<meta name=\"twitter:card\" content=\"summary_large_image\" \/>\n<meta name=\"twitter:label1\" content=\"Dur\u00e9e de lecture estim\u00e9e\" \/>\n\t<meta name=\"twitter:data1\" content=\"1 minute\" \/>\n<script type=\"application\/ld+json\" class=\"yoast-schema-graph\">{\"@context\":\"https:\\\/\\\/schema.org\",\"@graph\":[{\"@type\":\"WebPage\",\"@id\":\"https:\\\/\\\/www.disfrutabizkaia.com\\\/fr\\\/mentions-legales\\\/\",\"url\":\"https:\\\/\\\/www.disfrutabizkaia.com\\\/fr\\\/mentions-legales\\\/\",\"name\":\"Mentions l\u00e9gales | Disfruta Bizkaia\",\"isPartOf\":{\"@id\":\"https:\\\/\\\/www.disfrutabizkaia.com\\\/#website\"},\"datePublished\":\"2022-03-04T10:35:18+00:00\",\"dateModified\":\"2022-04-12T13:42:23+00:00\",\"breadcrumb\":{\"@id\":\"https:\\\/\\\/www.disfrutabizkaia.com\\\/fr\\\/mentions-legales\\\/#breadcrumb\"},\"inLanguage\":\"fr-FR\",\"potentialAction\":[{\"@type\":\"ReadAction\",\"target\":[\"https:\\\/\\\/www.disfrutabizkaia.com\\\/fr\\\/mentions-legales\\\/\"]}]},{\"@type\":\"BreadcrumbList\",\"@id\":\"https:\\\/\\\/www.disfrutabizkaia.com\\\/fr\\\/mentions-legales\\\/#breadcrumb\",\"itemListElement\":[{\"@type\":\"ListItem\",\"position\":1,\"name\":\"Portada\",\"item\":\"https:\\\/\\\/www.disfrutabizkaia.com\\\/fr\\\/\"},{\"@type\":\"ListItem\",\"position\":2,\"name\":\"Mentions l\u00e9gales\"}]},{\"@type\":\"WebSite\",\"@id\":\"https:\\\/\\\/www.disfrutabizkaia.com\\\/#website\",\"url\":\"https:\\\/\\\/www.disfrutabizkaia.com\\\/\",\"name\":\"Disfruta Bizkaia\",\"description\":\"\",\"potentialAction\":[{\"@type\":\"SearchAction\",\"target\":{\"@type\":\"EntryPoint\",\"urlTemplate\":\"https:\\\/\\\/www.disfrutabizkaia.com\\\/?s={search_term_string}\"},\"query-input\":{\"@type\":\"PropertyValueSpecification\",\"valueRequired\":true,\"valueName\":\"search_term_string\"}}],\"inLanguage\":\"fr-FR\"}]}<\/script>\n<!-- \/ Yoast SEO plugin. -->","yoast_head_json":{"title":"Mentions l\u00e9gales | Disfruta Bizkaia","robots":{"index":"index","follow":"follow","max-snippet":"max-snippet:-1","max-image-preview":"max-image-preview:large","max-video-preview":"max-video-preview:-1"},"canonical":"https:\/\/www.disfrutabizkaia.com\/fr\/mentions-legales\/","og_locale":"fr_FR","og_type":"article","og_title":"Mentions l\u00e9gales | Disfruta Bizkaia","og_description":"Conform\u00e9ment \u00e0 la Loi 34\/2002, du 11 juillet, sur les services de la soci\u00e9t\u00e9 de l\u2019information et du commerce \u00e9lectronique (LSSI-CE), l\u2019ASSOCIATION DES ENTREPRENEURS DE L\u2019H\u00d4TELLERIE DE BISCAYE vous informe qu\u2019elle est propri\u00e9taire du portail www.asociacionhosteleria.com Conform\u00e9ment \u00e0 l\u2019exigence de l\u2019article 10 de ladite Loi, elle informe que le titulaire de ce site web est&nbsp;: [&hellip;]","og_url":"https:\/\/www.disfrutabizkaia.com\/fr\/mentions-legales\/","og_site_name":"Disfruta Bizkaia","article_modified_time":"2022-04-12T13:42:23+00:00","twitter_card":"summary_large_image","twitter_misc":{"Dur\u00e9e de lecture estim\u00e9e":"1 minute"},"schema":{"@context":"https:\/\/schema.org","@graph":[{"@type":"WebPage","@id":"https:\/\/www.disfrutabizkaia.com\/fr\/mentions-legales\/","url":"https:\/\/www.disfrutabizkaia.com\/fr\/mentions-legales\/","name":"Mentions l\u00e9gales | Disfruta Bizkaia","isPartOf":{"@id":"https:\/\/www.disfrutabizkaia.com\/#website"},"datePublished":"2022-03-04T10:35:18+00:00","dateModified":"2022-04-12T13:42:23+00:00","breadcrumb":{"@id":"https:\/\/www.disfrutabizkaia.com\/fr\/mentions-legales\/#breadcrumb"},"inLanguage":"fr-FR","potentialAction":[{"@type":"ReadAction","target":["https:\/\/www.disfrutabizkaia.com\/fr\/mentions-legales\/"]}]},{"@type":"BreadcrumbList","@id":"https:\/\/www.disfrutabizkaia.com\/fr\/mentions-legales\/#breadcrumb","itemListElement":[{"@type":"ListItem","position":1,"name":"Portada","item":"https:\/\/www.disfrutabizkaia.com\/fr\/"},{"@type":"ListItem","position":2,"name":"Mentions l\u00e9gales"}]},{"@type":"WebSite","@id":"https:\/\/www.disfrutabizkaia.com\/#website","url":"https:\/\/www.disfrutabizkaia.com\/","name":"Disfruta Bizkaia","description":"","potentialAction":[{"@type":"SearchAction","target":{"@type":"EntryPoint","urlTemplate":"https:\/\/www.disfrutabizkaia.com\/?s={search_term_string}"},"query-input":{"@type":"PropertyValueSpecification","valueRequired":true,"valueName":"search_term_string"}}],"inLanguage":"fr-FR"}]}},"_links":{"self":[{"href":"https:\/\/www.disfrutabizkaia.com\/fr\/wp-json\/wp\/v2\/pages\/16900","targetHints":{"allow":["GET"]}}],"collection":[{"href":"https:\/\/www.disfrutabizkaia.com\/fr\/wp-json\/wp\/v2\/pages"}],"about":[{"href":"https:\/\/www.disfrutabizkaia.com\/fr\/wp-json\/wp\/v2\/types\/page"}],"author":[{"embeddable":true,"href":"https:\/\/www.disfrutabizkaia.com\/fr\/wp-json\/wp\/v2\/users\/1"}],"replies":[{"embeddable":true,"href":"https:\/\/www.disfrutabizkaia.com\/fr\/wp-json\/wp\/v2\/comments?post=16900"}],"version-history":[{"count":2,"href":"https:\/\/www.disfrutabizkaia.com\/fr\/wp-json\/wp\/v2\/pages\/16900\/revisions"}],"predecessor-version":[{"id":32295,"href":"https:\/\/www.disfrutabizkaia.com\/fr\/wp-json\/wp\/v2\/pages\/16900\/revisions\/32295"}],"wp:attachment":[{"href":"https:\/\/www.disfrutabizkaia.com\/fr\/wp-json\/wp\/v2\/media?parent=16900"}],"curies":[{"name":"wp","href":"https:\/\/api.w.org\/{rel}","templated":true}]}}