{"id":16904,"date":"2022-03-04T11:37:26","date_gmt":"2022-03-04T10:37:26","guid":{"rendered":"https:\/\/disfrutabizkaia.somoswoko.com\/?page_id=16904"},"modified":"2023-03-31T13:40:21","modified_gmt":"2023-03-31T11:40:21","slug":"qui-sommes-nous","status":"publish","type":"page","link":"https:\/\/www.disfrutabizkaia.com\/fr\/qui-sommes-nous\/","title":{"rendered":"Qui sommes-nous\u00a0?"},"content":{"rendered":"\n\n    <figure class=\"wp-block-image size-large dondeestamos\"><\/figure>\n\n    \n\n\n\n\n    <section class=\"seccion-texto\">\n        <div class=\"contenedor\">\n            <div class=\"margen\">\n\n                <div class=\"texto\">\n                    \n\n\n\n\n    \n        <p class=\"subtitular\">Qui sommes-nous \u2026<\/p>\n\n    \n    \n\n\n\n<p>Le site web Disfruta Bizkaia est une initiative de l\u2019Association de l\u2019H\u00f4tellerie de Biscaye par laquelle nous cherchons \u00e0 donner de la visibilit\u00e9 aux \u00e9tablissements h\u00f4teliers de Biscaye ainsi qu\u2019\u00e0 offrir de bons plans exceptionnels gr\u00e2ce auxquels profiter de notre bel environnement.<\/p>\n\n\n\n<p>La Biscaye est un territoire magnifique qui conjugue montagnes, plages, ports, monuments et histoire. La Biscaye est synonyme de gastronomie, d\u2019art, de culture, de paysages, etc. La Biscaye est belle\u2026 mais, par-dessus tout, la Biscaye est un pays qui vous donne le meilleur de lui-m\u00eame. Nous sommes impatients de vous voir exp\u00e9rimenter notre h\u00f4tellerie, notre service, notre gastronomie. Venez et profitez&nbsp;!<\/p>\n\n\n\n\n    <div class=\"contacta-logos\">\n        <img decoding=\"async\" src=\"https:\/\/disfrutabizkaia.somoswoko.com\/wp-content\/uploads\/2021\/02\/asociacion-hosteleria.png\" alt=\"\"\/>\n        <div>\n            <p>\u00a1Disfruta Bizkaia!<\/p>\n            <p>Gozatu Bizkaia!<\/p>\n            <p>Enjoy Bizkaia!<\/p>\n        <\/div>\n    <\/div>\n\n    \n\n\n\n                <\/div>\n\n            <\/div>\n        <\/div>\n    <\/section>\n\n    \n","protected":false},"excerpt":{"rendered":"","protected":false},"author":1,"featured_media":0,"parent":0,"menu_order":50,"comment_status":"closed","ping_status":"closed","template":"","meta":{"_acf_changed":false,"inline_featured_image":false,"footnotes":""},"class_list":["post-16904","page","type-page","status-publish","hentry"],"acf":[],"yoast_head":"<!-- This site is optimized with the Yoast SEO plugin v27.3 - https:\/\/yoast.com\/product\/yoast-seo-wordpress\/ -->\n<title>\u00c0 propos de nous | Disfruta Bizkaia<\/title>\n<meta name=\"description\" content=\"Le site web Disfruta Bizkaia est une initiative de l&#039;association d&#039;h\u00f4tellerie et de restauration de Biscaye qui vise \u00e0 mieux faire conna\u00eetre les \u00e9tablissements d&#039;h\u00f4tellerie et de restauration.\" \/>\n<meta name=\"robots\" content=\"index, follow, max-snippet:-1, max-image-preview:large, max-video-preview:-1\" \/>\n<link rel=\"canonical\" href=\"https:\/\/www.disfrutabizkaia.com\/fr\/qui-sommes-nous\/\" \/>\n<meta property=\"og:locale\" content=\"fr_FR\" \/>\n<meta property=\"og:type\" content=\"article\" \/>\n<meta property=\"og:title\" content=\"\u00c0 propos de nous | Disfruta Bizkaia\" \/>\n<meta property=\"og:description\" content=\"Le site web Disfruta Bizkaia est une initiative de l&#039;association d&#039;h\u00f4tellerie et de restauration de Biscaye qui vise \u00e0 mieux faire conna\u00eetre les \u00e9tablissements d&#039;h\u00f4tellerie et de restauration.\" \/>\n<meta property=\"og:url\" content=\"https:\/\/www.disfrutabizkaia.com\/fr\/qui-sommes-nous\/\" \/>\n<meta property=\"og:site_name\" content=\"Disfruta Bizkaia\" \/>\n<meta property=\"article:modified_time\" content=\"2023-03-31T11:40:21+00:00\" \/>\n<meta name=\"twitter:card\" content=\"summary_large_image\" \/>\n<meta name=\"twitter:label1\" content=\"Dur\u00e9e de lecture estim\u00e9e\" \/>\n\t<meta name=\"twitter:data1\" content=\"1 minute\" \/>\n<script type=\"application\/ld+json\" class=\"yoast-schema-graph\">{\"@context\":\"https:\\\/\\\/schema.org\",\"@graph\":[{\"@type\":\"WebPage\",\"@id\":\"https:\\\/\\\/www.disfrutabizkaia.com\\\/fr\\\/qui-sommes-nous\\\/\",\"url\":\"https:\\\/\\\/www.disfrutabizkaia.com\\\/fr\\\/qui-sommes-nous\\\/\",\"name\":\"\u00c0 propos de nous | Disfruta Bizkaia\",\"isPartOf\":{\"@id\":\"https:\\\/\\\/www.disfrutabizkaia.com\\\/#website\"},\"datePublished\":\"2022-03-04T10:37:26+00:00\",\"dateModified\":\"2023-03-31T11:40:21+00:00\",\"description\":\"Le site web Disfruta Bizkaia est une initiative de l'association d'h\u00f4tellerie et de restauration de Biscaye qui vise \u00e0 mieux faire conna\u00eetre les \u00e9tablissements d'h\u00f4tellerie et de restauration.\",\"breadcrumb\":{\"@id\":\"https:\\\/\\\/www.disfrutabizkaia.com\\\/fr\\\/qui-sommes-nous\\\/#breadcrumb\"},\"inLanguage\":\"fr-FR\",\"potentialAction\":[{\"@type\":\"ReadAction\",\"target\":[\"https:\\\/\\\/www.disfrutabizkaia.com\\\/fr\\\/qui-sommes-nous\\\/\"]}]},{\"@type\":\"BreadcrumbList\",\"@id\":\"https:\\\/\\\/www.disfrutabizkaia.com\\\/fr\\\/qui-sommes-nous\\\/#breadcrumb\",\"itemListElement\":[{\"@type\":\"ListItem\",\"position\":1,\"name\":\"Portada\",\"item\":\"https:\\\/\\\/www.disfrutabizkaia.com\\\/fr\\\/\"},{\"@type\":\"ListItem\",\"position\":2,\"name\":\"Qui sommes-nous\u00a0?\"}]},{\"@type\":\"WebSite\",\"@id\":\"https:\\\/\\\/www.disfrutabizkaia.com\\\/#website\",\"url\":\"https:\\\/\\\/www.disfrutabizkaia.com\\\/\",\"name\":\"Disfruta Bizkaia\",\"description\":\"\",\"potentialAction\":[{\"@type\":\"SearchAction\",\"target\":{\"@type\":\"EntryPoint\",\"urlTemplate\":\"https:\\\/\\\/www.disfrutabizkaia.com\\\/?s={search_term_string}\"},\"query-input\":{\"@type\":\"PropertyValueSpecification\",\"valueRequired\":true,\"valueName\":\"search_term_string\"}}],\"inLanguage\":\"fr-FR\"}]}<\/script>\n<!-- \/ Yoast SEO plugin. -->","yoast_head_json":{"title":"\u00c0 propos de nous | Disfruta Bizkaia","description":"Le site web Disfruta Bizkaia est une initiative de l'association d'h\u00f4tellerie et de restauration de Biscaye qui vise \u00e0 mieux faire conna\u00eetre les \u00e9tablissements d'h\u00f4tellerie et de restauration.","robots":{"index":"index","follow":"follow","max-snippet":"max-snippet:-1","max-image-preview":"max-image-preview:large","max-video-preview":"max-video-preview:-1"},"canonical":"https:\/\/www.disfrutabizkaia.com\/fr\/qui-sommes-nous\/","og_locale":"fr_FR","og_type":"article","og_title":"\u00c0 propos de nous | Disfruta Bizkaia","og_description":"Le site web Disfruta Bizkaia est une initiative de l'association d'h\u00f4tellerie et de restauration de Biscaye qui vise \u00e0 mieux faire conna\u00eetre les \u00e9tablissements d'h\u00f4tellerie et de restauration.","og_url":"https:\/\/www.disfrutabizkaia.com\/fr\/qui-sommes-nous\/","og_site_name":"Disfruta Bizkaia","article_modified_time":"2023-03-31T11:40:21+00:00","twitter_card":"summary_large_image","twitter_misc":{"Dur\u00e9e de lecture estim\u00e9e":"1 minute"},"schema":{"@context":"https:\/\/schema.org","@graph":[{"@type":"WebPage","@id":"https:\/\/www.disfrutabizkaia.com\/fr\/qui-sommes-nous\/","url":"https:\/\/www.disfrutabizkaia.com\/fr\/qui-sommes-nous\/","name":"\u00c0 propos de nous | Disfruta Bizkaia","isPartOf":{"@id":"https:\/\/www.disfrutabizkaia.com\/#website"},"datePublished":"2022-03-04T10:37:26+00:00","dateModified":"2023-03-31T11:40:21+00:00","description":"Le site web Disfruta Bizkaia est une initiative de l'association d'h\u00f4tellerie et de restauration de Biscaye qui vise \u00e0 mieux faire conna\u00eetre les \u00e9tablissements d'h\u00f4tellerie et de restauration.","breadcrumb":{"@id":"https:\/\/www.disfrutabizkaia.com\/fr\/qui-sommes-nous\/#breadcrumb"},"inLanguage":"fr-FR","potentialAction":[{"@type":"ReadAction","target":["https:\/\/www.disfrutabizkaia.com\/fr\/qui-sommes-nous\/"]}]},{"@type":"BreadcrumbList","@id":"https:\/\/www.disfrutabizkaia.com\/fr\/qui-sommes-nous\/#breadcrumb","itemListElement":[{"@type":"ListItem","position":1,"name":"Portada","item":"https:\/\/www.disfrutabizkaia.com\/fr\/"},{"@type":"ListItem","position":2,"name":"Qui sommes-nous\u00a0?"}]},{"@type":"WebSite","@id":"https:\/\/www.disfrutabizkaia.com\/#website","url":"https:\/\/www.disfrutabizkaia.com\/","name":"Disfruta Bizkaia","description":"","potentialAction":[{"@type":"SearchAction","target":{"@type":"EntryPoint","urlTemplate":"https:\/\/www.disfrutabizkaia.com\/?s={search_term_string}"},"query-input":{"@type":"PropertyValueSpecification","valueRequired":true,"valueName":"search_term_string"}}],"inLanguage":"fr-FR"}]}},"_links":{"self":[{"href":"https:\/\/www.disfrutabizkaia.com\/fr\/wp-json\/wp\/v2\/pages\/16904","targetHints":{"allow":["GET"]}}],"collection":[{"href":"https:\/\/www.disfrutabizkaia.com\/fr\/wp-json\/wp\/v2\/pages"}],"about":[{"href":"https:\/\/www.disfrutabizkaia.com\/fr\/wp-json\/wp\/v2\/types\/page"}],"author":[{"embeddable":true,"href":"https:\/\/www.disfrutabizkaia.com\/fr\/wp-json\/wp\/v2\/users\/1"}],"replies":[{"embeddable":true,"href":"https:\/\/www.disfrutabizkaia.com\/fr\/wp-json\/wp\/v2\/comments?post=16904"}],"version-history":[{"count":5,"href":"https:\/\/www.disfrutabizkaia.com\/fr\/wp-json\/wp\/v2\/pages\/16904\/revisions"}],"predecessor-version":[{"id":34130,"href":"https:\/\/www.disfrutabizkaia.com\/fr\/wp-json\/wp\/v2\/pages\/16904\/revisions\/34130"}],"wp:attachment":[{"href":"https:\/\/www.disfrutabizkaia.com\/fr\/wp-json\/wp\/v2\/media?parent=16904"}],"curies":[{"name":"wp","href":"https:\/\/api.w.org\/{rel}","templated":true}]}}